{"id":1419,"date":"2021-11-27T10:27:49","date_gmt":"2021-11-27T05:27:49","guid":{"rendered":"http:\/\/rodosgroup.co\/?page_id=1419"},"modified":"2026-03-12T02:04:37","modified_gmt":"2026-03-11T21:04:37","slug":"rodos-group","status":"publish","type":"page","link":"https:\/\/www.rodosgroup.co\/","title":{"rendered":"RODOS GROUP SAS"},"content":{"rendered":"\n<figure class=\"wp-block-image\"><img loading=\"lazy\" decoding=\"async\" width=\"1368\" height=\"768\" src=\"https:\/\/www.rodosgroup.co\/wp-content\/uploads\/2026\/03\/NUEVO-LOGOS-RODOS.png\" alt=\"\" class=\"wp-image-1622\" srcset=\"https:\/\/www.rodosgroup.co\/wp-content\/uploads\/2026\/03\/NUEVO-LOGOS-RODOS.png 1368w, https:\/\/www.rodosgroup.co\/wp-content\/uploads\/2026\/03\/NUEVO-LOGOS-RODOS-300x168.png 300w, https:\/\/www.rodosgroup.co\/wp-content\/uploads\/2026\/03\/NUEVO-LOGOS-RODOS-1024x575.png 1024w, https:\/\/www.rodosgroup.co\/wp-content\/uploads\/2026\/03\/NUEVO-LOGOS-RODOS-768x431.png 768w\" sizes=\"auto, (max-width: 1368px) 100vw, 1368px\" \/><\/figure>\n\n\n\n<p><\/p>\n\n\n\n<p class=\"has-drop-cap\" style=\"font-size:18px\"><em>Somos una empresa dedicada a los negocios, administramos contratos para darle a todos nuestros clientes el mejor servicio, con transparencia y efectividad; para nuestra\u00a0empresa, la\u00a0\u00e9tica\u00a0es de vital importancia para definir los conceptos, valores y creencias con los que nos identificamos, y por ende, los colaboradores, esto nos permite construir y mantener una excelente reputaci\u00f3n e imagen positiva en el mercado.<\/em><\/p>\n\n\n\n<div class=\"wp-block-media-text alignwide is-stacked-on-mobile\" style=\"grid-template-columns:30% auto\"><figure class=\"wp-block-media-text__media\"><img loading=\"lazy\" decoding=\"async\" width=\"364\" height=\"1024\" src=\"https:\/\/www.rodosgroup.co\/wp-content\/uploads\/2021\/11\/imageonline-co-merged-image-364x1024.png\" alt=\"\" class=\"wp-image-1544 size-full\" srcset=\"https:\/\/www.rodosgroup.co\/wp-content\/uploads\/2021\/11\/imageonline-co-merged-image-364x1024.png 364w, https:\/\/www.rodosgroup.co\/wp-content\/uploads\/2021\/11\/imageonline-co-merged-image-107x300.png 107w, https:\/\/www.rodosgroup.co\/wp-content\/uploads\/2021\/11\/imageonline-co-merged-image.png 500w\" sizes=\"auto, (max-width: 364px) 100vw, 364px\" \/><\/figure><div class=\"wp-block-media-text__content\">\n<p class=\"has-large-font-size\"><strong><em>Nuestras especialidades<\/em><\/strong><\/p>\n\n\n\n<p><\/p>\n\n\n\n<p style=\"font-size:18px\"><em>Las organizaciones demandan un nivel de especializaci\u00f3n muy elevado, pero tambi\u00e9n agilidad y flexibilidad\u00a0para <span class=\"has-inline-color has-primary-color\">ser capaces de adaptarse <\/span>a las necesidades del sector y de la propia empresa. Por ello, a la hora de aconsejar a los j\u00f3venes profesionales si es mejor elegir una orientaci\u00f3n generalista o especializada, L\u00e9onard les recomienda lo segundo, aunque con un matiz importante:\u00a0que se especialicen, pero no en un solo \u00e1mbito, sino en m\u00e1s de uno<sup>1<\/sup>.<\/em><\/p>\n\n\n\n<p style=\"font-size:18px\">Por ello hemos decidido especializarnos en unas \u00e1reas espec\u00edficas, abarcamos muchas \u00e1reas, y poseemos una basta experiencia en ellas, pero decidimos especializarnos en las siguientes:<\/p>\n\n\n\n<ol style=\"font-size:18px\" class=\"wp-block-list\">\n<li>Compra venta distribuci\u00f3n y mercadeo en todas sus formas y manifestaciones de comercio al por mayor y al por menor de prendas de vestir y sus accesorios.<\/li>\n\n\n\n<li>Comercializaci\u00f3n distribuci\u00f3n y producci\u00f3n en general de elementos con petr\u00f3leo.<\/li>\n\n\n\n<li>Suministro de papeler\u00eda, toda clase de insumos, art\u00edculos y equipos para oficinas, establecimientos escolares, y empresas.<\/li>\n\n\n\n<li>Toda clase de insumos, art\u00edculos y equipos para aseo y cafeter\u00eda.<\/li>\n\n\n\n<li>Confecci\u00f3n de dotaciones para todo tipo de mercado, nos especializamos en dotaci\u00f3n para agentes de transito, en cualquier lugar del pa\u00eds.<\/li>\n<\/ol>\n\n\n\n<p>Preguntanos por las otras \u00e1reas.<\/p>\n\n\n\n<p><\/p>\n\n\n\n<p><sup>1<\/sup> Tomado de: https:\/\/www.welcometothejungle.com\/<\/p>\n<\/div><\/div>\n\n\n\n<p><\/p>\n","protected":false},"excerpt":{"rendered":"<p>Somos una empresa dedicada a los negocios, administramos contratos para darle a todos nuestros clientes el mejor servicio, con transparencia y efectividad; para nuestra\u00a0empresa, la\u00a0\u00e9tica\u00a0es de vital importancia para definir los conceptos, valores y creencias con los que nos identificamos, y por ende, los colaboradores, esto nos permite construir y mantener una excelente reputaci\u00f3n e [&hellip;]<\/p>\n","protected":false},"author":1,"featured_media":0,"parent":0,"menu_order":0,"comment_status":"closed","ping_status":"closed","template":"","meta":{"_coblocks_attr":"","_coblocks_dimensions":"","_coblocks_responsive_height":"","_coblocks_accordion_ie_support":"","hide_page_title":"","footnotes":""},"class_list":["post-1419","page","type-page","status-publish","hentry"],"_links":{"self":[{"href":"https:\/\/www.rodosgroup.co\/index.php?rest_route=\/wp\/v2\/pages\/1419","targetHints":{"allow":["GET"]}}],"collection":[{"href":"https:\/\/www.rodosgroup.co\/index.php?rest_route=\/wp\/v2\/pages"}],"about":[{"href":"https:\/\/www.rodosgroup.co\/index.php?rest_route=\/wp\/v2\/types\/page"}],"author":[{"embeddable":true,"href":"https:\/\/www.rodosgroup.co\/index.php?rest_route=\/wp\/v2\/users\/1"}],"replies":[{"embeddable":true,"href":"https:\/\/www.rodosgroup.co\/index.php?rest_route=%2Fwp%2Fv2%2Fcomments&post=1419"}],"version-history":[{"count":37,"href":"https:\/\/www.rodosgroup.co\/index.php?rest_route=\/wp\/v2\/pages\/1419\/revisions"}],"predecessor-version":[{"id":1648,"href":"https:\/\/www.rodosgroup.co\/index.php?rest_route=\/wp\/v2\/pages\/1419\/revisions\/1648"}],"wp:attachment":[{"href":"https:\/\/www.rodosgroup.co\/index.php?rest_route=%2Fwp%2Fv2%2Fmedia&parent=1419"}],"curies":[{"name":"wp","href":"https:\/\/api.w.org\/{rel}","templated":true}]}}