{"id":1483,"date":"2021-11-27T19:11:18","date_gmt":"2021-11-27T14:11:18","guid":{"rendered":"http:\/\/www.rodosgroup.co\/?page_id=1483"},"modified":"2026-03-12T02:07:36","modified_gmt":"2026-03-11T21:07:36","slug":"nuestros-pilares","status":"publish","type":"page","link":"https:\/\/www.rodosgroup.co\/?page_id=1483","title":{"rendered":"Nuestros pilares"},"content":{"rendered":"\n<figure class=\"wp-block-gallery has-nested-images columns-default is-cropped wp-block-gallery-1 is-layout-flex wp-block-gallery-is-layout-flex\">\n<figure class=\"wp-block-image size-large\"><img loading=\"lazy\" decoding=\"async\" width=\"368\" height=\"368\" data-id=\"861\" src=\"https:\/\/www.rodosgroup.co\/wp-content\/uploads\/2021\/02\/podcaster-template-podcast-cover-img-4.jpg\" alt=\"\" class=\"wp-image-861\" srcset=\"https:\/\/www.rodosgroup.co\/wp-content\/uploads\/2021\/02\/podcaster-template-podcast-cover-img-4.jpg 368w, https:\/\/www.rodosgroup.co\/wp-content\/uploads\/2021\/02\/podcaster-template-podcast-cover-img-4-300x300.jpg 300w, https:\/\/www.rodosgroup.co\/wp-content\/uploads\/2021\/02\/podcaster-template-podcast-cover-img-4-150x150.jpg 150w\" sizes=\"auto, (max-width: 368px) 100vw, 368px\" \/><\/figure>\n\n\n\n<figure class=\"wp-block-image size-large\"><img loading=\"lazy\" decoding=\"async\" width=\"368\" height=\"368\" data-id=\"860\" src=\"https:\/\/www.rodosgroup.co\/wp-content\/uploads\/2021\/02\/podcaster-template-podcast-cover-img-5.jpg\" alt=\"\" class=\"wp-image-860\" srcset=\"https:\/\/www.rodosgroup.co\/wp-content\/uploads\/2021\/02\/podcaster-template-podcast-cover-img-5.jpg 368w, https:\/\/www.rodosgroup.co\/wp-content\/uploads\/2021\/02\/podcaster-template-podcast-cover-img-5-300x300.jpg 300w, https:\/\/www.rodosgroup.co\/wp-content\/uploads\/2021\/02\/podcaster-template-podcast-cover-img-5-150x150.jpg 150w\" sizes=\"auto, (max-width: 368px) 100vw, 368px\" \/><\/figure>\n\n\n\n<figure class=\"wp-block-image size-large\"><img loading=\"lazy\" decoding=\"async\" width=\"368\" height=\"368\" data-id=\"859\" src=\"https:\/\/www.rodosgroup.co\/wp-content\/uploads\/2021\/02\/podcaster-template-podcast-cover-img-6.jpg\" alt=\"\" class=\"wp-image-859\" srcset=\"https:\/\/www.rodosgroup.co\/wp-content\/uploads\/2021\/02\/podcaster-template-podcast-cover-img-6.jpg 368w, https:\/\/www.rodosgroup.co\/wp-content\/uploads\/2021\/02\/podcaster-template-podcast-cover-img-6-300x300.jpg 300w, https:\/\/www.rodosgroup.co\/wp-content\/uploads\/2021\/02\/podcaster-template-podcast-cover-img-6-150x150.jpg 150w\" sizes=\"auto, (max-width: 368px) 100vw, 368px\" \/><\/figure>\n\n\n\n<figure class=\"wp-block-image size-large\"><img loading=\"lazy\" decoding=\"async\" width=\"368\" height=\"368\" data-id=\"80\" src=\"https:\/\/www.rodosgroup.co\/wp-content\/uploads\/2021\/02\/podcaster-template-podcast-cover-img-1.jpg\" alt=\"\" class=\"wp-image-80\" srcset=\"https:\/\/www.rodosgroup.co\/wp-content\/uploads\/2021\/02\/podcaster-template-podcast-cover-img-1.jpg 368w, https:\/\/www.rodosgroup.co\/wp-content\/uploads\/2021\/02\/podcaster-template-podcast-cover-img-1-300x300.jpg 300w, https:\/\/www.rodosgroup.co\/wp-content\/uploads\/2021\/02\/podcaster-template-podcast-cover-img-1-150x150.jpg 150w\" sizes=\"auto, (max-width: 368px) 100vw, 368px\" \/><\/figure>\n\n\n\n<figure class=\"wp-block-image size-large\"><img loading=\"lazy\" decoding=\"async\" width=\"1024\" height=\"587\" data-id=\"55\" src=\"https:\/\/www.rodosgroup.co\/wp-content\/uploads\/2020\/09\/banner-04-1024x587.jpg\" alt=\"\" class=\"wp-image-55\" srcset=\"https:\/\/www.rodosgroup.co\/wp-content\/uploads\/2020\/09\/banner-04-1024x587.jpg 1024w, https:\/\/www.rodosgroup.co\/wp-content\/uploads\/2020\/09\/banner-04-300x172.jpg 300w, https:\/\/www.rodosgroup.co\/wp-content\/uploads\/2020\/09\/banner-04-768x440.jpg 768w, https:\/\/www.rodosgroup.co\/wp-content\/uploads\/2020\/09\/banner-04-1536x880.jpg 1536w, https:\/\/www.rodosgroup.co\/wp-content\/uploads\/2020\/09\/banner-04-600x344.jpg 600w, https:\/\/www.rodosgroup.co\/wp-content\/uploads\/2020\/09\/banner-04.jpg 1920w\" sizes=\"auto, (max-width: 1024px) 100vw, 1024px\" \/><\/figure>\n<\/figure>\n\n\n\n<p style=\"font-size:18px\"><strong>Eficiencia empresarial: secretos de una empresa eficiente<\/strong><\/p>\n\n\n\n<p style=\"font-size:18px\">Eficiencia&nbsp;no es lo mismo que&nbsp;eficacia. Mientras que este \u00faltimo concepto hace referencia a la la capacidad de lograr el efecto deseado o previsto, el primero implica la capacidad de disponer de alguien o de algo para&nbsp;conseguir un objetivo con el m\u00ednimo de recursos posibles.&nbsp;Ambos son conceptos muy valorados dentro de una empresa, y en el post de hoy nos vamos a centrar en este \u00faltimo, la eficiencia, ya que se trata de un concepto que todas las empresas deben buscar, sin importar su tama\u00f1o o su \u00e1rea de negocio.&nbsp;<\/p>\n\n\n\n<p style=\"font-size:18px\">Podr\u00edamos decir, para resumir, que la eficacia se reduce al fin, mientras que con el t\u00e9rmino eficiencia se habla de los medios pero siempre con orientaci\u00f3n a un objetivo de ajuste que implica una optimizaci\u00f3n del aprovechamiento.&nbsp;Se puede ser eficiente sin ser eficaz&nbsp;y del mismo modo, tambi\u00e9n es posible ser eficaz sin ser eficiente, aunque lo ideal es una combinaci\u00f3n de ambas cualidades.&nbsp;<\/p>\n\n\n\n<p style=\"font-size:18px\">Las organizaciones buscan la&nbsp;excelencia empresarial. Esta solo se puede alcanzar a trav\u00e9s de la eficiencia, logrando un equilibrio adecuado con la eficacia. Existen varias maneras de conseguir que este objetivo se haga realidad:<\/p>\n\n\n\n<ul style=\"font-size:18px\" class=\"wp-block-list\">\n<li>Teniendo en cuenta a las personas.<\/li>\n\n\n\n<li>Potenciando un modelo en el que las interacciones y la confianza entre los integrantes de la organizaci\u00f3n sea el motor de la compa\u00f1\u00eda.<\/li>\n\n\n\n<li style=\"font-size:18px\">Logrando el compromiso de las personas, especialmente en negocios intensivos en capital humano.<\/li>\n\n\n\n<li>Garantizando el dise\u00f1o eficiente de la organizaci\u00f3n y sus roles, la colaboraci\u00f3n y la\u00a0gesti\u00f3n del talento.<\/li>\n<\/ul>\n\n\n\n<h2 class=\"wp-block-heading\" style=\"font-size:18px\">Las claves de la eficiencia empresarial<\/h2>\n\n\n\n<p style=\"font-size:18px\">Rendimiento y productividad&nbsp;son factores necesarios para garantizar el \u00e9xito de una empresa. Sin embargo, el mantenimiento de ese nivel es el resultado de un proceso de acumulaci\u00f3n de buenas decisiones y de trabajo riguroso, un esfuerzo que involucra a todos y requiere de compromiso.<\/p>\n\n\n\n<p style=\"font-size:18px\">La intuici\u00f3n, la improvisaci\u00f3n y la suerte quedan fuera de este \u00e1mbito. En cambio, son requeridos profesionales competentes que aporten valor al negocio, una cultura de empresa sostenible y fuente de pensamiento unificado y la&nbsp;implementaci\u00f3n de buenos h\u00e1bitos laborales&nbsp;inspirados en la disciplina. Son las claves de la eficiencia y el punto de partida de la generaci\u00f3n de las condiciones \u00f3ptimas para garantizar la satisfacci\u00f3n en empleados, clientes, proveedores, distribuidores y toda la red de contactos del negocio.<\/p>\n\n\n\n<p style=\"font-size:18px\">Reconocer una empresa eficiente&nbsp;es sencillo, ya que todas las que lo son presentan los siguientes atributos b\u00e1sicos:<\/p>\n\n\n\n<ul style=\"font-size:18px\" class=\"wp-block-list\">\n<li>Creaci\u00f3n de valor y generaci\u00f3n de riqueza.<\/li>\n\n\n\n<li>Definici\u00f3n clara de objetivos y adecuaci\u00f3n de planes para garantizar su consecuci\u00f3n.<\/li>\n\n\n\n<li>Forma sistem\u00e1tica de operar aplicada a procesos y sistemas, orientada a resultados positivos.<\/li>\n\n\n\n<li>Conocimiento y preocupaci\u00f3n por satisfacer las necesidades expectativas y deseos de sus clientes.<\/li>\n\n\n\n<li>Dise\u00f1o de planes de desarrollo y mejora continua.<\/li>\n\n\n\n<li>Fomento de los\u00a0programas de motivaci\u00f3n laboral.<\/li>\n\n\n\n<li>Promoci\u00f3n del desarrollo profesional de los equipos de trabajo.<\/li>\n<\/ul>\n\n\n\n<p style=\"font-size:18px\">Cuando una empresa alcanza la eficiencia,&nbsp;su principal objetivo y su prioridad ha de ser&nbsp;mantenerse y seguir creciendo.&nbsp;Para ello es necesario el compromiso de todas las partes y el dise\u00f1o de una estrategia sobre la que continuar progresando. <\/p>\n\n\n\n<p style=\"font-size:18px\"><\/p>\n\n\n\n<p style=\"font-size:18px\">Tomado de: https:\/\/www.workmeter.com\/blog<\/p>\n","protected":false},"excerpt":{"rendered":"<p>Eficiencia empresarial: secretos de una empresa eficiente Eficiencia&nbsp;no es lo mismo que&nbsp;eficacia. Mientras que este \u00faltimo concepto hace referencia a la la capacidad de lograr el efecto deseado o previsto, el primero implica la capacidad de disponer de alguien o de algo para&nbsp;conseguir un objetivo con el m\u00ednimo de recursos posibles.&nbsp;Ambos son conceptos muy valorados [&hellip;]<\/p>\n","protected":false},"author":1,"featured_media":0,"parent":0,"menu_order":0,"comment_status":"closed","ping_status":"closed","template":"","meta":{"_coblocks_attr":"","_coblocks_dimensions":"","_coblocks_responsive_height":"","_coblocks_accordion_ie_support":"","hide_page_title":"","footnotes":""},"class_list":["post-1483","page","type-page","status-publish","hentry"],"_links":{"self":[{"href":"https:\/\/www.rodosgroup.co\/index.php?rest_route=\/wp\/v2\/pages\/1483","targetHints":{"allow":["GET"]}}],"collection":[{"href":"https:\/\/www.rodosgroup.co\/index.php?rest_route=\/wp\/v2\/pages"}],"about":[{"href":"https:\/\/www.rodosgroup.co\/index.php?rest_route=\/wp\/v2\/types\/page"}],"author":[{"embeddable":true,"href":"https:\/\/www.rodosgroup.co\/index.php?rest_route=\/wp\/v2\/users\/1"}],"replies":[{"embeddable":true,"href":"https:\/\/www.rodosgroup.co\/index.php?rest_route=%2Fwp%2Fv2%2Fcomments&post=1483"}],"version-history":[{"count":3,"href":"https:\/\/www.rodosgroup.co\/index.php?rest_route=\/wp\/v2\/pages\/1483\/revisions"}],"predecessor-version":[{"id":1653,"href":"https:\/\/www.rodosgroup.co\/index.php?rest_route=\/wp\/v2\/pages\/1483\/revisions\/1653"}],"wp:attachment":[{"href":"https:\/\/www.rodosgroup.co\/index.php?rest_route=%2Fwp%2Fv2%2Fmedia&parent=1483"}],"curies":[{"name":"wp","href":"https:\/\/api.w.org\/{rel}","templated":true}]}}