{"id":1570,"date":"2022-11-10T22:36:19","date_gmt":"2022-11-10T17:36:19","guid":{"rendered":"https:\/\/www.rodosgroup.co\/?page_id=1570"},"modified":"2026-03-12T02:06:46","modified_gmt":"2026-03-11T21:06:46","slug":"nuestros-clientes","status":"publish","type":"page","link":"https:\/\/www.rodosgroup.co\/?page_id=1570","title":{"rendered":"Nuestros clientes"},"content":{"rendered":"\n<p style=\"font-size:18px\">Estos son algunos de nuestros clientes, con los cuales hemos trabajado de excelente forma, siempre prestos a ofrecer un excelente servicio con calidad y transparencia, analizando siempre lo mejor para las dos partes y apoyando el crecimiento institucional.<\/p>\n\n\n\n<div class=\"wp-block-media-text alignwide is-stacked-on-mobile\" style=\"grid-template-columns:38% auto\"><figure class=\"wp-block-media-text__media\"><img loading=\"lazy\" decoding=\"async\" width=\"350\" height=\"168\" src=\"https:\/\/www.rodosgroup.co\/wp-content\/uploads\/2022\/11\/LOGO-AMB-e1546037965120.png\" alt=\"\" class=\"wp-image-1571 size-full\" srcset=\"https:\/\/www.rodosgroup.co\/wp-content\/uploads\/2022\/11\/LOGO-AMB-e1546037965120.png 350w, https:\/\/www.rodosgroup.co\/wp-content\/uploads\/2022\/11\/LOGO-AMB-e1546037965120-300x144.png 300w\" sizes=\"auto, (max-width: 350px) 100vw, 350px\" \/><\/figure><div class=\"wp-block-media-text__content\">\n<p>El <strong>\u00c1rea Metropolitana de Bucaramanga <\/strong>es una entidad administrativa, la cual tiene como misi\u00f3n, programar y coordinar el desarrollo arm\u00f3nico e integrado del territorio, mediante el plan integral de desarrollo metropolitano, identificando, declarando y gestionando los hechos metropolitanos, para alcanzar una administraci\u00f3n eficiente del territorio en materia ambiental, de movilidad, econ\u00f3mica, social, demogr\u00e1fica, cultural y tecnol\u00f3gica, en busca del desarrollo humano sustentable, el ordenamiento territorial y la racional prestaci\u00f3n de los servicios p\u00fablicos.<\/p>\n<\/div><\/div>\n\n\n\n<div class=\"wp-block-media-text alignwide is-stacked-on-mobile\"><figure class=\"wp-block-media-text__media\"><img loading=\"lazy\" decoding=\"async\" width=\"1024\" height=\"399\" src=\"https:\/\/www.rodosgroup.co\/wp-content\/uploads\/2022\/11\/alcaldia-de-giron-1024x399.jpeg\" alt=\"\" class=\"wp-image-1572 size-full\" srcset=\"https:\/\/www.rodosgroup.co\/wp-content\/uploads\/2022\/11\/alcaldia-de-giron-1024x399.jpeg 1024w, https:\/\/www.rodosgroup.co\/wp-content\/uploads\/2022\/11\/alcaldia-de-giron-300x117.jpeg 300w, https:\/\/www.rodosgroup.co\/wp-content\/uploads\/2022\/11\/alcaldia-de-giron-768x299.jpeg 768w, https:\/\/www.rodosgroup.co\/wp-content\/uploads\/2022\/11\/alcaldia-de-giron-1536x598.jpeg 1536w, https:\/\/www.rodosgroup.co\/wp-content\/uploads\/2022\/11\/alcaldia-de-giron-2048x798.jpeg 2048w\" sizes=\"auto, (max-width: 1024px) 100vw, 1024px\" \/><\/figure><div class=\"wp-block-media-text__content\">\n<p>El <strong>municipio de Gir\u00f3n <\/strong>es un territorio de desarrollo empresarial importante para Colombia. Sus potencialidades industriales, tur\u00edsticas, agr\u00edcola, pecuaria\u200b, agroindustriales, comerciales, de transporte y prestaci\u00f3n de servicios; nos permiten asegurarlo; de esta manera haremos de \u00e9l un territorio de paz, pluralista y participativo con equidad de g\u00e9nero e inclusi\u00f3n social garante de los derechos que le competen como administraci\u00f3n local y fundada en la participaci\u00f3n permanente de sus ciudadanos. <\/p>\n<\/div><\/div>\n\n\n\n<div class=\"wp-block-media-text alignwide is-stacked-on-mobile\"><figure class=\"wp-block-media-text__media\"><img loading=\"lazy\" decoding=\"async\" width=\"488\" height=\"200\" src=\"https:\/\/www.rodosgroup.co\/wp-content\/uploads\/2022\/11\/alcaldia-de-fusagasuga.png\" alt=\"\" class=\"wp-image-1573 size-full\" srcset=\"https:\/\/www.rodosgroup.co\/wp-content\/uploads\/2022\/11\/alcaldia-de-fusagasuga.png 488w, https:\/\/www.rodosgroup.co\/wp-content\/uploads\/2022\/11\/alcaldia-de-fusagasuga-300x123.png 300w\" sizes=\"auto, (max-width: 488px) 100vw, 488px\" \/><\/figure><div class=\"wp-block-media-text__content\">\n<p><strong>Fusagasug\u00e1<\/strong> es un municipio colombiano, capital de la provincia del Sumapaz en el departamento de Cundinamarca. Est\u00e1 ubicada a 59 km al suroccidente de Bogot\u00e1, en una meseta delimitada por el r\u00edo Cuja y el Chocho, el cerro de Fusacat\u00e1n y el Quinin\u00ed que conforman el valle de los Sutagaos, y la altiplanicie de Chinauta.\u200b\u200b<\/p>\n<\/div><\/div>\n\n\n\n<div class=\"wp-block-media-text alignwide is-stacked-on-mobile\" style=\"grid-template-columns:42% auto\"><figure class=\"wp-block-media-text__media\"><img loading=\"lazy\" decoding=\"async\" width=\"338\" height=\"125\" src=\"https:\/\/www.rodosgroup.co\/wp-content\/uploads\/2022\/11\/logo_alcaldia-bucaramanga.png\" alt=\"\" class=\"wp-image-1574 size-full\" srcset=\"https:\/\/www.rodosgroup.co\/wp-content\/uploads\/2022\/11\/logo_alcaldia-bucaramanga.png 338w, https:\/\/www.rodosgroup.co\/wp-content\/uploads\/2022\/11\/logo_alcaldia-bucaramanga-300x111.png 300w\" sizes=\"auto, (max-width: 338px) 100vw, 338px\" \/><\/figure><div class=\"wp-block-media-text__content\">\n<p>La <strong>alcald\u00eda de Bucaramanga<\/strong> es una entidad territorial al servicio de los ciudadanos que garantiza el ejercicio&nbsp;de sus derechos y el cumplimiento de sus deberes, promueve el bienestar y&nbsp;desarrollo humano, con oportunidad, equidad, transparencia, responsabilidad&nbsp;social, econ\u00f3mica y ambiental, soportada en una gesti\u00f3n institucional innovadora y&nbsp;colaborativa, con un talento humano comprometido con su labor como Servidor&nbsp;P\u00fablico.<\/p>\n<\/div><\/div>\n\n\n\n<div class=\"wp-block-media-text alignwide is-stacked-on-mobile\" style=\"grid-template-columns:42% auto\"><figure class=\"wp-block-media-text__media\"><img loading=\"lazy\" decoding=\"async\" width=\"1024\" height=\"495\" src=\"https:\/\/www.rodosgroup.co\/wp-content\/uploads\/2022\/11\/Logo-don-matias-1024x495.png\" alt=\"\" class=\"wp-image-1575 size-full\" srcset=\"https:\/\/www.rodosgroup.co\/wp-content\/uploads\/2022\/11\/Logo-don-matias-1024x495.png 1024w, https:\/\/www.rodosgroup.co\/wp-content\/uploads\/2022\/11\/Logo-don-matias-300x145.png 300w, https:\/\/www.rodosgroup.co\/wp-content\/uploads\/2022\/11\/Logo-don-matias-768x371.png 768w, https:\/\/www.rodosgroup.co\/wp-content\/uploads\/2022\/11\/Logo-don-matias-1536x742.png 1536w, https:\/\/www.rodosgroup.co\/wp-content\/uploads\/2022\/11\/Logo-don-matias-2048x990.png 2048w\" sizes=\"auto, (max-width: 1024px) 100vw, 1024px\" \/><\/figure><div class=\"wp-block-media-text__content\">\n<p>DONMAT\u00cdAS, UN PUEBLO HERMOSO COLMADO DE&nbsp;BENDICIONES\u200b\u200b\u200b\u200b<\/p>\n\n\n\n<p>A 47 km de Medell\u00edn, por la troncal al mar se encuentra Donmat\u00edas, posee un corregimiento, Bellavista, y 16 veredas, entre las cuales destacamos Las \u00c1nimas, Romaz\u00f3n, Frisolera, Iborra, Pan de Az\u00facar, Miraflores, Pradera, Santa Ana y Montera. Se comunica por carretera con las poblaciones de Girardota, Medell\u00edn, Yarumal, Barbosa, Entrerr\u00edos y Santa Rosa de Osos. Tiene varios apelativos &#8220;La Roma Paisa&#8221;, &#8220;La Ciudad Lev\u00edtica de Colombia&#8221; y &#8220;Fort\u00edn Lechero\u201d.<\/p>\n<\/div><\/div>\n\n\n\n<div class=\"wp-block-media-text alignwide is-stacked-on-mobile\" style=\"grid-template-columns:30% auto\"><figure class=\"wp-block-media-text__media\"><img loading=\"lazy\" decoding=\"async\" width=\"218\" height=\"219\" src=\"https:\/\/www.rodosgroup.co\/wp-content\/uploads\/2022\/11\/inpec.png\" alt=\"\" class=\"wp-image-1576 size-full\" srcset=\"https:\/\/www.rodosgroup.co\/wp-content\/uploads\/2022\/11\/inpec.png 218w, https:\/\/www.rodosgroup.co\/wp-content\/uploads\/2022\/11\/inpec-150x150.png 150w\" sizes=\"auto, (max-width: 218px) 100vw, 218px\" \/><\/figure><div class=\"wp-block-media-text__content\">\n<p>El&nbsp;<strong>Instituto Nacional Penitenciario y Carcelario (INPEC)<\/strong>&nbsp;es un organismo p\u00fablico, adscrito al&nbsp;Ministerio de Justicia y del Derecho, responsable de la ejecuci\u00f3n de la pena y las medidas de seguridad interpuestas por las autoridades judiciales y la atenci\u00f3n b\u00e1sica de la totalidad de la poblaci\u00f3n reclusa y el tratamiento orientado a la resocializaci\u00f3n de la poblaci\u00f3n condenada. Su sede principal se encuentra en&nbsp;Bogot\u00e1.\u200b<\/p>\n<\/div><\/div>\n\n\n\n<div class=\"wp-block-media-text alignwide is-stacked-on-mobile\" style=\"grid-template-columns:38% auto\"><figure class=\"wp-block-media-text__media\"><img loading=\"lazy\" decoding=\"async\" width=\"285\" height=\"86\" src=\"https:\/\/www.rodosgroup.co\/wp-content\/uploads\/2022\/11\/itboy_logo.jpeg\" alt=\"\" class=\"wp-image-1578 size-full\"\/><\/figure><div class=\"wp-block-media-text__content\">\n<p>El ITBOY est\u00e1 encargado de coordinar y promover la movilidad y seguridad vial organizando de manera \u00e1gil y eficiente el registro de tr\u00e1nsito&nbsp; en el \u00e1rea de influencia, generando valor p\u00fablico a usuarios, actores viales enmarcados los valores del servicio p\u00fablico a trav\u00e9s del mejor talento humano.<\/p>\n<\/div><\/div>\n\n\n\n<div class=\"wp-block-media-text alignwide is-stacked-on-mobile\" style=\"grid-template-columns:38% auto\"><figure class=\"wp-block-media-text__media\"><img loading=\"lazy\" decoding=\"async\" width=\"458\" height=\"162\" src=\"https:\/\/www.rodosgroup.co\/wp-content\/uploads\/2025\/05\/DNP.png\" alt=\"\" class=\"wp-image-1604 size-full\" srcset=\"https:\/\/www.rodosgroup.co\/wp-content\/uploads\/2025\/05\/DNP.png 458w, https:\/\/www.rodosgroup.co\/wp-content\/uploads\/2025\/05\/DNP-300x106.png 300w\" sizes=\"auto, (max-width: 458px) 100vw, 458px\" \/><\/figure><div class=\"wp-block-media-text__content\">\n<p>El DPN es el encargado de&nbsp;planificar el desarrollo del pa\u00eds a trav\u00e9s de la coordinaci\u00f3n, dise\u00f1o y apoyo en la formulaci\u00f3n de pol\u00edticas p\u00fablicas y la planificaci\u00f3n del presupuesto de los recursos de inversi\u00f3n<\/p>\n<\/div><\/div>\n\n\n\n<div class=\"wp-block-media-text alignwide is-stacked-on-mobile\" style=\"grid-template-columns:38% auto\"><figure class=\"wp-block-media-text__media\"><img loading=\"lazy\" decoding=\"async\" width=\"311\" height=\"162\" src=\"https:\/\/www.rodosgroup.co\/wp-content\/uploads\/2025\/05\/ciudad-bolivar.png\" alt=\"\" class=\"wp-image-1605 size-full\" srcset=\"https:\/\/www.rodosgroup.co\/wp-content\/uploads\/2025\/05\/ciudad-bolivar.png 311w, https:\/\/www.rodosgroup.co\/wp-content\/uploads\/2025\/05\/ciudad-bolivar-300x156.png 300w\" sizes=\"auto, (max-width: 311px) 100vw, 311px\" \/><\/figure><div class=\"wp-block-media-text__content\">\n<p>La Alcald\u00eda Local de Ciudad Bol\u00edvar tiene como funci\u00f3n principal&nbsp;administrar los asuntos de la localidad, promoviendo el desarrollo y bienestar de sus habitantes.&nbsp;Esto incluye la gesti\u00f3n de servicios p\u00fablicos, la ejecuci\u00f3n de proyectos de desarrollo, la promoci\u00f3n de la participaci\u00f3n ciudadana y la vigilancia de la ejecuci\u00f3n de contratos del Distrito en la zona<\/p>\n<\/div><\/div>\n\n\n\n<div class=\"wp-block-media-text alignwide is-stacked-on-mobile\" style=\"grid-template-columns:38% auto\"><figure class=\"wp-block-media-text__media\"><img loading=\"lazy\" decoding=\"async\" width=\"369\" height=\"136\" src=\"https:\/\/www.rodosgroup.co\/wp-content\/uploads\/2025\/05\/bosa.jpeg\" alt=\"\" class=\"wp-image-1606 size-full\" srcset=\"https:\/\/www.rodosgroup.co\/wp-content\/uploads\/2025\/05\/bosa.jpeg 369w, https:\/\/www.rodosgroup.co\/wp-content\/uploads\/2025\/05\/bosa-300x111.jpeg 300w\" sizes=\"auto, (max-width: 369px) 100vw, 369px\" \/><\/figure><div class=\"wp-block-media-text__content\">\n<p>La Alcald\u00eda Local de Bosa tiene como funci\u00f3n principal&nbsp;administrar los asuntos de la localidad, promoviendo el desarrollo y bienestar de sus habitantes.&nbsp;Esto incluye la gesti\u00f3n de servicios p\u00fablicos, la ejecuci\u00f3n de proyectos de desarrollo, la promoci\u00f3n de la participaci\u00f3n ciudadana y la vigilancia de la ejecuci\u00f3n de contratos del Distrito en la zona<\/p>\n<\/div><\/div>\n\n\n\n<div class=\"wp-block-media-text alignwide is-stacked-on-mobile\" style=\"grid-template-columns:38% auto\"><figure class=\"wp-block-media-text__media\"><img loading=\"lazy\" decoding=\"async\" width=\"225\" height=\"225\" src=\"https:\/\/www.rodosgroup.co\/wp-content\/uploads\/2025\/05\/teusaquillo.png\" alt=\"\" class=\"wp-image-1608 size-full\" srcset=\"https:\/\/www.rodosgroup.co\/wp-content\/uploads\/2025\/05\/teusaquillo.png 225w, https:\/\/www.rodosgroup.co\/wp-content\/uploads\/2025\/05\/teusaquillo-150x150.png 150w\" sizes=\"auto, (max-width: 225px) 100vw, 225px\" \/><\/figure><div class=\"wp-block-media-text__content\">\n<p>La Alcald\u00eda Local de Teusaquillo tiene como funci\u00f3n principal&nbsp;administrar los asuntos de la localidad, promoviendo el desarrollo y bienestar de sus habitantes.&nbsp;Esto incluye la gesti\u00f3n de servicios p\u00fablicos, la ejecuci\u00f3n de proyectos de desarrollo, la promoci\u00f3n de la participaci\u00f3n ciudadana y la vigilancia de la ejecuci\u00f3n de contratos del Distrito en la zona<\/p>\n<\/div><\/div>\n\n\n\n<div class=\"wp-block-media-text alignwide is-stacked-on-mobile\" style=\"grid-template-columns:38% auto\"><figure class=\"wp-block-media-text__media\"><img loading=\"lazy\" decoding=\"async\" width=\"900\" height=\"900\" src=\"https:\/\/www.rodosgroup.co\/wp-content\/uploads\/2025\/05\/bomberos.jpg\" alt=\"\" class=\"wp-image-1607 size-full\" srcset=\"https:\/\/www.rodosgroup.co\/wp-content\/uploads\/2025\/05\/bomberos.jpg 900w, https:\/\/www.rodosgroup.co\/wp-content\/uploads\/2025\/05\/bomberos-300x300.jpg 300w, https:\/\/www.rodosgroup.co\/wp-content\/uploads\/2025\/05\/bomberos-150x150.jpg 150w, https:\/\/www.rodosgroup.co\/wp-content\/uploads\/2025\/05\/bomberos-768x768.jpg 768w\" sizes=\"auto, (max-width: 900px) 100vw, 900px\" \/><\/figure><div class=\"wp-block-media-text__content\">\n<p><br>Los&nbsp;bomberos&nbsp;y bomberas se encargan de proteger la vida, el ambiente y el patrimonio de&nbsp;Bogot\u00e1, a trav\u00e9s de la gesti\u00f3n integral de riesgos de incendios, atenci\u00f3n de rescates en todas sus modalidades e incidentes con materiales peligrosos en la ciudad y su entorno.<\/p>\n<\/div><\/div>\n\n\n\n<div class=\"wp-block-media-text alignwide is-stacked-on-mobile\" style=\"grid-template-columns:38% auto\"><figure class=\"wp-block-media-text__media\"><img loading=\"lazy\" decoding=\"async\" width=\"1024\" height=\"1014\" src=\"https:\/\/www.rodosgroup.co\/wp-content\/uploads\/2025\/09\/Escudo-alcaldia-la-calera-1024x1014.jpg\" alt=\"\" class=\"wp-image-1612 size-full\" srcset=\"https:\/\/www.rodosgroup.co\/wp-content\/uploads\/2025\/09\/Escudo-alcaldia-la-calera-1024x1014.jpg 1024w, https:\/\/www.rodosgroup.co\/wp-content\/uploads\/2025\/09\/Escudo-alcaldia-la-calera-300x297.jpg 300w, https:\/\/www.rodosgroup.co\/wp-content\/uploads\/2025\/09\/Escudo-alcaldia-la-calera-150x150.jpg 150w, https:\/\/www.rodosgroup.co\/wp-content\/uploads\/2025\/09\/Escudo-alcaldia-la-calera-768x760.jpg 768w, https:\/\/www.rodosgroup.co\/wp-content\/uploads\/2025\/09\/Escudo-alcaldia-la-calera-1536x1520.jpg 1536w, https:\/\/www.rodosgroup.co\/wp-content\/uploads\/2025\/09\/Escudo-alcaldia-la-calera.jpg 2048w\" sizes=\"auto, (max-width: 1024px) 100vw, 1024px\" \/><\/figure><div class=\"wp-block-media-text__content\">\n<p><br>La Calera es un municipio colombiano del departamento de Cundinamarca, ubicado en el occidente de la Provincia del Guavio, a 18 km al nororiente de Bogot\u00e1, cerca de las localidades de Chapinero y Usaqu\u00e9n. Se encuentra entre los 2600 y 3000 m s. n. m., por lo que tiene pisos t\u00e9rmicos fr\u00edo y p\u00e1ramo. Su econom\u00eda es variada, ya que incluye la agricultura tradicional de papa, ma\u00edz, cubios, zanahorias, etc. La ganader\u00eda de vacunos, caballos, ovejas, cabras, piscicultura de truchas etc. Por otro lado, hay una importante explotaci\u00f3n minera de piedra caliza y areneros etc. Y una industria que incluy\u00f3 la producci\u00f3n de Cemento (Cementos Samper, trasladada en 1998) de la multinacional Cemex y&nbsp; Agua Manantial de Coca Cola.<\/p>\n<\/div><\/div>\n\n\n\n<div class=\"wp-block-media-text alignwide is-stacked-on-mobile\" style=\"grid-template-columns:38% auto\"><figure class=\"wp-block-media-text__media\"><img loading=\"lazy\" decoding=\"async\" width=\"400\" height=\"400\" src=\"https:\/\/www.rodosgroup.co\/wp-content\/uploads\/2025\/09\/IMPRENTA-NACIONAL-LOGO.jpg\" alt=\"\" class=\"wp-image-1613 size-full\" srcset=\"https:\/\/www.rodosgroup.co\/wp-content\/uploads\/2025\/09\/IMPRENTA-NACIONAL-LOGO.jpg 400w, https:\/\/www.rodosgroup.co\/wp-content\/uploads\/2025\/09\/IMPRENTA-NACIONAL-LOGO-300x300.jpg 300w, https:\/\/www.rodosgroup.co\/wp-content\/uploads\/2025\/09\/IMPRENTA-NACIONAL-LOGO-150x150.jpg 150w\" sizes=\"auto, (max-width: 400px) 100vw, 400px\" \/><\/figure><div class=\"wp-block-media-text__content\">\n<p><br>La Imprenta Nacional de Colombia, como garante de la seguridad jur\u00eddica del Estado, ha evolucionado desde sus humildes comienzos en la \u00e9poca de la independencia hasta convertirse en una instituci\u00f3n l\u00edder en soluciones de comunicaci\u00f3n gr\u00e1fica. Su misi\u00f3n es transformar las necesidades de sus grupos de inter\u00e9s en soluciones integrales, siempre comprometidos con pr\u00e1cticas sostenibles. Fundada oficialmente en 1894 bajo la presidencia de Miguel Antonio Caro con la adquisici\u00f3n de la imprenta &#8220;Echavarr\u00eda Hermanos&#8221;, la mejor de Bogot\u00e1 en aquel entonces, la Imprenta Nacional consolid\u00f3 su estructura en 1952 al fusionarse con otras cinco imprentas gubernamentales, marcando un hito en su historia. Con la visi\u00f3n de posicionar al Diario Oficial como la principal fuente de consulta normativa del pa\u00eds y consolidarse como la Agencia de Comunicaciones del Estado para 2026, la Imprenta Nacional contin\u00faa su legado de innovaci\u00f3n, especialmente en impresi\u00f3n de seguridad, adapt\u00e1ndose a las necesidades cambiantes de la naci\u00f3n<\/p>\n<\/div><\/div>\n\n\n\n<div class=\"wp-block-media-text alignwide is-stacked-on-mobile\" style=\"grid-template-columns:38% auto\"><figure class=\"wp-block-media-text__media\"><img loading=\"lazy\" decoding=\"async\" width=\"356\" height=\"142\" src=\"https:\/\/www.rodosgroup.co\/wp-content\/uploads\/2025\/09\/descarga.png\" alt=\"\" class=\"wp-image-1614 size-full\" srcset=\"https:\/\/www.rodosgroup.co\/wp-content\/uploads\/2025\/09\/descarga.png 356w, https:\/\/www.rodosgroup.co\/wp-content\/uploads\/2025\/09\/descarga-300x120.png 300w\" sizes=\"auto, (max-width: 356px) 100vw, 356px\" \/><\/figure><div class=\"wp-block-media-text__content\">\n<p><br>La Orquesta Filarm\u00f3nica de Bogot\u00e1 fomentar\u00e1 el desarrollo cultural y social de la ciudadan\u00eda mediante la difusi\u00f3n, interpretaci\u00f3n y ense\u00f1anza de un diverso repertorio sinf\u00f3nico y l\u00edrico, garantizando el acceso inclusivo a la m\u00fasica para todos los sectores de Bogot\u00e1.<\/p>\n<\/div><\/div>\n\n\n\n<div class=\"wp-block-media-text alignwide is-stacked-on-mobile\" style=\"grid-template-columns:38% auto\"><figure class=\"wp-block-media-text__media\"><img loading=\"lazy\" decoding=\"async\" width=\"225\" height=\"225\" src=\"https:\/\/www.rodosgroup.co\/wp-content\/uploads\/2025\/09\/images.png\" alt=\"\" class=\"wp-image-1615 size-full\" srcset=\"https:\/\/www.rodosgroup.co\/wp-content\/uploads\/2025\/09\/images.png 225w, https:\/\/www.rodosgroup.co\/wp-content\/uploads\/2025\/09\/images-150x150.png 150w\" sizes=\"auto, (max-width: 225px) 100vw, 225px\" \/><\/figure><div class=\"wp-block-media-text__content\">\n<p><br>DIVRI es la&nbsp;Direcci\u00f3n de Veteranos y Rehabilitaci\u00f3n Inclusiva en Colombia, una entidad del Ministerio de Defensa Nacional encargada de reconocer, honrar y brindar bienestar integral a los veteranos de la Fuerza P\u00fablica y sus familias.&nbsp;La DIVRI gestiona beneficios, pensiones, y programas de apoyo en rehabilitaci\u00f3n f\u00edsica y psicosocial, con el objetivo de apoyar la inclusi\u00f3n social, cultural y laboral de esta poblaci\u00f3n, incluyendo a los beneficiarios de la Ley del Veterano.&nbsp;<\/p>\n<\/div><\/div>\n\n\n\n<p><\/p>\n","protected":false},"excerpt":{"rendered":"<p>Estos son algunos de nuestros clientes, con los cuales hemos trabajado de excelente forma, siempre prestos a ofrecer un excelente servicio con calidad y transparencia, analizando siempre lo mejor para las dos partes y apoyando el crecimiento institucional. El \u00c1rea Metropolitana de Bucaramanga es una entidad administrativa, la cual tiene como misi\u00f3n, programar y coordinar [&hellip;]<\/p>\n","protected":false},"author":1,"featured_media":0,"parent":0,"menu_order":0,"comment_status":"closed","ping_status":"closed","template":"","meta":{"_coblocks_attr":"","_coblocks_dimensions":"","_coblocks_responsive_height":"","_coblocks_accordion_ie_support":"","hide_page_title":"","footnotes":""},"class_list":["post-1570","page","type-page","status-publish","hentry"],"_links":{"self":[{"href":"https:\/\/www.rodosgroup.co\/index.php?rest_route=\/wp\/v2\/pages\/1570","targetHints":{"allow":["GET"]}}],"collection":[{"href":"https:\/\/www.rodosgroup.co\/index.php?rest_route=\/wp\/v2\/pages"}],"about":[{"href":"https:\/\/www.rodosgroup.co\/index.php?rest_route=\/wp\/v2\/types\/page"}],"author":[{"embeddable":true,"href":"https:\/\/www.rodosgroup.co\/index.php?rest_route=\/wp\/v2\/users\/1"}],"replies":[{"embeddable":true,"href":"https:\/\/www.rodosgroup.co\/index.php?rest_route=%2Fwp%2Fv2%2Fcomments&post=1570"}],"version-history":[{"count":8,"href":"https:\/\/www.rodosgroup.co\/index.php?rest_route=\/wp\/v2\/pages\/1570\/revisions"}],"predecessor-version":[{"id":1652,"href":"https:\/\/www.rodosgroup.co\/index.php?rest_route=\/wp\/v2\/pages\/1570\/revisions\/1652"}],"wp:attachment":[{"href":"https:\/\/www.rodosgroup.co\/index.php?rest_route=%2Fwp%2Fv2%2Fmedia&parent=1570"}],"curies":[{"name":"wp","href":"https:\/\/api.w.org\/{rel}","templated":true}]}}